{"id":56,"date":"2015-09-16T17:48:19","date_gmt":"2015-09-16T17:48:19","guid":{"rendered":"http:\/\/destinoysabor.com\/?page_id=56"},"modified":"2015-09-16T17:49:57","modified_gmt":"2015-09-16T17:49:57","slug":"quienes-somos","status":"publish","type":"page","link":"https:\/\/destinoysabor.com\/blog\/quienes-somos\/","title":{"rendered":"Quienes somos"},"content":{"rendered":"<p>Este proyecto nace de las ganas de extender nuestra experiencia en Castilla y Le\u00f3n al resto de regiones en Espa\u00f1a, y si es posibible, tambi\u00e9n al mundo.<\/p>\n<h3><strong><span style=\"color: #e04865;\">Blog Destino Castilla y Le\u00f3n<\/span><\/strong><\/h3>\n<p style=\"text-align: justify;\">Destino Castilla y Le\u00f3n naci\u00f3 como <strong>blog de viajes especializado en Castilla y Le\u00f3n<\/strong> con el objetivo de ofrecer a sus lectores &#8211; de una forma directa, original y personal &#8211; toda la actualidad sobre turismo, gastronom\u00eda y vino de Castilla y Le\u00f3n.<\/p>\n<p style=\"text-align: left;\">Se trata de una <strong>gu\u00eda de turismo y ocio diferente<\/strong>, que apuesta por las experiencias vividas en primera persona (fen\u00f3meno blogger), los entornos digitales y las redes sociales.<\/p>\n<p>&nbsp;<\/p>\n<h3><strong><span style=\"color: #e04865;\">Quienes somos en Destino Castilla y Le\u00f3n<\/span><\/strong><\/h3>\n<p>El equipo de redacci\u00f3n de Destino Castilla y Le\u00f3n se compone de las siguientes personas:<\/p>\n<h4 style=\"text-align: justify;\"><span style=\"color: #e04865;\">David V\u00e1zquez<\/span><\/h4>\n<table border=\"0\" width=\"100%\">\n<tbody>\n<tr>\n<th width=\"18%\"><img decoding=\"async\" class=\"size-full wp-image-14985 aligncenter\" src=\"http:\/\/destinocastillayleon.es\/index\/wp-content\/uploads\/2014\/08\/David.png\" alt=\"David V\u00e1zquez\" width=\"120\" height=\"120\" \/><\/th>\n<th valign=\"top\" style=\"text-align: justify;\"><\/strong><br \/>\nIngeniero Industrial de vocaci\u00f3n y profesi\u00f3n, he encontrado en los blogs la forma de plasmar mi pasi\u00f3n por los viajes, la gastronom\u00eda y los vinos. Especialmente los procedentes de Castilla y Le\u00f3n.<\/p>\n<p>Entradas de <a href=\"http:\/\/destinocastillayleon.es\/index\/entradas-realizadas-por-david-vazquez\/\">David V\u00e1zquez<\/a>.<\/th>\n<\/tr>\n<\/tbody>\n<\/table>\n<p>&nbsp;<\/p>\n<h4 style=\"text-align: justify;\"><span style=\"color: #e04865;\">Lola Hernandez<\/span><\/h4>\n<table border=\"0\" width=\"100%\">\n<tbody>\n<tr>\n<th width=\"18%\"><img decoding=\"async\" class=\"size-full wp-image-14985 aligncenter\" src=\"http:\/\/destinocastillayleon.es\/index\/wp-content\/uploads\/2014\/08\/Lola.png\" alt=\"Lola Hern\u00e1ndez\" width=\"120\" height=\"120\" \/><\/th>\n<th valign=\"top\" style=\"text-align: justify;\"><\/strong><br \/>\nDirectora de Destino Castilla y Le\u00f3n y redactora. Diplomada en Turismo y Licenciada en Publicidad y RR.PP es una apasionada del turismo experiencial, la gastronom\u00eda y el vino de Castilla y Le\u00f3n. <\/p>\n<p>Entradas de <a href=\"http:\/\/destinocastillayleon.es\/index\/entradas-realizadas-por-lola-hernandez\/\">Lola Hern\u00e1ndez<\/a>.<\/th>\n<\/tr>\n<\/tbody>\n<\/table>\n<p>&nbsp;<\/p>\n<p><span style=\"color: #e04865;\"><strong>Sara Huertas<\/strong><\/span><\/p>\n<table border=\"0\" width=\"100%\">\n<tbody>\n<tr>\n<th width=\"18%\"><img decoding=\"async\" class=\"size-full wp-image-14985 aligncenter\" src=\"http:\/\/destinocastillayleon.es\/index\/wp-content\/uploads\/2015\/05\/Sara2.png\" alt=\"Sara Huertas\" width=\"120\" height=\"120\" \/><\/th>\n<th valign=\"top\" style=\"text-align: justify;\"><\/strong><br \/>\nSara es una periodista, salmantina. Amante de la naturaleza de su regi\u00f3n. Realiza colaboraciones como \u2018techie\u2019 en diversos medios de comunicaci\u00f3n nacionales, desde ahora, nos ayudar\u00e1 a mostrar los mejores rincones del sur de Castilla y Le\u00f3n.<\/p>\n<p>Entradas de <a href=\"http:\/\/destinocastillayleon.es\/index\/entradas-realizadas-por-sara-de-lera\/\">Sara Huertas<\/a>.<\/th>\n<\/tr>\n<\/tbody>\n<\/table>\n<p>&nbsp;<\/p>\n<p><span style=\"color: #e04865;\"><strong>Silvia L\u00e1zaro<\/strong><\/span><\/p>\n<table border=\"0\" width=\"100%\">\n<tbody>\n<tr>\n<th width=\"18%\"><img decoding=\"async\" class=\"size-full wp-image-14985 aligncenter\" src=\"http:\/\/destinocastillayleon.es\/index\/wp-content\/uploads\/2014\/08\/Silvia.png\" alt=\"Silvia L\u00e1zaro\" width=\"120\" height=\"120\" \/><\/th>\n<th>\n<p valign=\"top\" style=\"text-align: justify;\">\nIngeniera agr\u00edcola y en\u00f3loga por la Universidad de Valladolid. Adem\u00e1s de trabajar como en\u00f3loga, es gu\u00eda de enoturismo, ofreciendo talleres y catas guiadas personalizadas.<\/p>\n<p style=\"text-align: justify;\">Aporta su vision m\u00e1s frescas sobre el mundo del vino y c\u00f3mo armonizarlo.<\/p>\n<p>Entradas de <a href=\"http:\/\/destinocastillayleon.es\/index\/entradas-realizadas-por-silvia-lazaro\/\">Silvia L\u00e1zaro<\/a>.<\/p>\n<\/th>\n<\/tr>\n<\/tbody>\n<\/table>\n<p>&nbsp;<\/p>\n<p><span style=\"color: #e04865;\"><strong>Sara de Lera<\/strong><\/span><\/p>\n<table border=\"0\" width=\"100%\">\n<tbody>\n<tr>\n<th width=\"18%\"><img decoding=\"async\" class=\"size-full wp-image-14985 aligncenter\" src=\"http:\/\/destinocastillayleon.es\/index\/wp-content\/uploads\/2014\/08\/Sara.png\" alt=\"Sara de Lera\" width=\"120\" height=\"120\" \/><\/th>\n<th valign=\"top\" style=\"text-align: justify;\"><\/strong><br \/>\nSara es Licenciada en periodismo y actualmente form\u00e1ndose en comunicaci\u00f3n online y social media. Entusiasta de las redes sociales, Internet y el mundo de la creatividad y la publicidad. Amante de los buenos vinos y de las m\u00e1s exquisitas cervezas artesanales<\/p>\n<p>Entradas de <a href=\"http:\/\/destinocastillayleon.es\/index\/entradas-realizadas-por-sara-de-lera\/\">Sara de Lera<\/a>.<\/th>\n<\/tr>\n<\/tbody>\n<\/table>\n<p>&nbsp;<\/p>\n<p><span style=\"color: #e04865;\"><strong>Carolina Prieto<\/strong><\/span><\/p>\n<table border=\"0\" width=\"100%\">\n<tbody>\n<tr>\n<th width=\"18%\"><img decoding=\"async\" class=\"size-full wp-image-14985 aligncenter\" src=\"http:\/\/destinocastillayleon.es\/index\/wp-content\/uploads\/2014\/08\/Carolina.png\" alt=\"Carolina Prieto\" width=\"120\" height=\"120\" \/><\/th>\n<th valign=\"top\" style=\"text-align: justify;\">\n&nbsp;<br \/>\nDiplomada en Ciencias Empresariales, se ha formado como Community Manager y actualmente esta cursando el cuarto curso de Grado en Turismo. Gestiona el departamento comercial y redes sociales de <a href=\"http:\/\/www.sientecastillayleon.com\" target=\"_blank\">www.sientecastillayleon.com<\/a> el primer buscador de alojamientos y restaurantes de Castilla y Le\u00f3n.<\/th>\n<\/tr>\n<\/tbody>\n<\/table>\n<p>&nbsp;<\/p>\n<p><span style=\"color: #e04865;\"><strong>Ania Iglesias<\/strong><\/span><\/p>\n<table border=\"0\" width=\"100%\">\n<tbody>\n<tr>\n<th width=\"18%\"><img decoding=\"async\" class=\"size-full wp-image-14985 aligncenter\" src=\"http:\/\/destinocastillayleon.es\/index\/wp-content\/uploads\/2014\/08\/Ania.png\" alt=\"Ania Iglesias\" width=\"120\" height=\"120\" \/><\/th>\n<th valign=\"top\" style=\"text-align: justify;\"><\/strong><br \/>\nAnia es gerente de Glam Fashion Events empresa de comunicaci\u00f3n y eventos adem\u00e1s de RR.PP de firmas de moda y belleza. Colaboradora de algunos medios de comunicaci\u00f3n y en Destino nos da los mejores consejos para vestirnos de los pies a la cabeza.<\/strong><\/th>\n<\/tr>\n<\/tbody>\n<\/table>\n<p>&nbsp;<\/p>\n<h3 style=\"text-align: justify;\"><strong><span style=\"color: #e04865;\">Revista Destino Castilla y Le\u00f3n<\/span><\/strong><\/h3>\n<p style=\"text-align: justify;\">Despu\u00e9s de un a\u00f1o y medio de recorrido y haber conseguido 23.000 visitas mensuales, lanzamos un <strong>nuevo concepto de revista y gu\u00eda de ocio en Castilla y Le\u00f3n, <\/strong>que complementa la informaci\u00f3n ofrecida en el blog<strong>. <\/strong><\/p>\n<p style=\"text-align: justify;\">Hablamos de teatro, m\u00fasica, conciertos, moda y belleza. Tambi\u00e9n ofrecemos recetas, talleres DIY (&#8220;<em>Do it Yourself<\/em>&#8220;) rincones con encanto, lugares para escaparse y locales  que no debes perderte&#8230;<\/p>\n<p><a href=\"http:\/\/destinocastillayleon.es\/index\/wp-content\/uploads\/2014\/04\/62abae62ccfda2e689cb793c0880182b.png\"><img decoding=\"async\" class=\"size-full wp-image-12695 aligncenter\" src=\"http:\/\/destinocastillayleon.es\/index\/wp-content\/uploads\/2014\/04\/62abae62ccfda2e689cb793c0880182b.png\" alt=\"Portada Destino Castilla y Le\u00f3n\" width=\"321\" height=\"450\" \/><\/a><\/p>\n<p style=\"text-align: justify;\">Encontrar\u00e1s secciones sobre las \u00faltimas novedades de Castilla y Le\u00f3n, eventos sociales, actualidad cultural y de ocio, entrevistas a personajes de relevancia y reportajes originales de los locales y comercios m\u00e1s atractivos de la comunidad aut\u00f3noma.<\/p>\n<h4 style=\"text-align: center;\"><strong>Perfil del lector:<\/strong><\/h4>\n<p style=\"text-align: center;\"><em><span style=\"color: #e14c69;\"><strong>Clase social<\/strong><\/span><\/em><\/p>\n<p style=\"text-align: center;\">Alta , Media-Alta.<\/p>\n<p style=\"text-align: center;\"><em><strong><span style=\"color: #e14c69;\">Lector<\/span><\/strong><\/em><\/p>\n<p style=\"text-align: center;\">Hombre 41 % y Mujer 59%<\/p>\n<p style=\"text-align: center;\"><em><strong><span style=\"color: #e14c69;\">Perfil<\/span><\/strong><\/em><\/p>\n<p style=\"text-align: center;\">Cosmopolita y con gran poder de Prescripci\u00f3n<\/p>\n<p style=\"text-align: center;\"><em><strong><span style=\"color: #e14c69;\">Edad<\/span><\/strong><\/em><\/p>\n<p style=\"text-align: center;\">25-50 a\u00f1os (80%)<\/p>\n<p style=\"text-align: center;\"><em><span style=\"color: #e14c69;\"><strong>Estudios<\/strong><\/span><\/em><\/p>\n<p style=\"text-align: center;\">Titulaci\u00f3n Media \/ Titulaci\u00f3n Superior.<\/p>\n<h4 style=\"text-align: justify;\"><strong>Difusi\u00f3n<\/strong><\/h4>\n<p>&#8211; Revista Digital y Gratuita.<br \/>\n&#8211; 14.000 impresiones en su segunda edici\u00f3n.<br \/>\n&#8211; 2.200 personas suscritas<br \/>\n&#8211; Fecha salida: del 25 al 30 de los meses de junio, septiembre, diciembre y marzo<\/p>\n<p>&nbsp;<\/p>\n<h3 style=\"text-align: justify;\"><strong><span style=\"color: #e14c69;\">Tarifas Destino Castilla y Le\u00f3n 2014<\/span><\/strong><\/h3>\n<p style=\"text-align: justify;\">La edici\u00f3n digital de nuestros medios de comunicaci\u00f3n nos permiten ofrecer tarifas bastante econ\u00f3micas y competitivas. Ofrecemos distintos paquetes que combinan: Blog, <strong>revista digital, newsletter y redes sociales. <\/strong><\/p>\n<p>Los contenidos deben estar en poder de la revista 15 d\u00edas antes de la fecha de salida del n\u00famero correspondiente. Se ruega hacer las reservas antes de la fecha de cierre.<\/p>\n<h4 style=\"text-align: justify;\"><strong>Departamento Comercial: <\/strong><\/h4>\n<p style=\"text-align: justify;\"><strong><span style=\"color: #e14c69;\">Tel\u00e9fono:<\/span> <\/strong> +34 91 521 44 84<\/p>\n<p><strong><span style=\"color: #e14c69;\">M\u00f3vil:<\/span><\/strong> <strong>+34 676 11 00 41<\/strong><\/p>\n<p><strong><span style=\"color: #e14c69;\">Email:<\/span> admin@destinocastillayleon.es<\/strong><\/p>\n<h3><strong><span style=\"color: #e14c69;\">Servicios de Comunicaci\u00f3n Online<\/span><\/strong><\/h3>\n<p>Si tu negocio est\u00e1 enfocado al turismo, la gastronom\u00eda o el vino y necesitas un primer apoyo para lanzarte a las redes sociales y quieres mejorar tu imagen en redes sociales y captar clientes, o te gustar\u00eda tener una tienda online de tu negocio, ofrecemos los siguientes servicios:<\/p>\n<p>&#8211; Auditorias de Comunicaci\u00f3n Online<\/p>\n<p>&#8211; Elaboraci\u00f3n de Planes estrat\u00e9gicos<\/p>\n<p>&#8211; Dise\u00f1o de p\u00e1ginas web y blogs adaptadas a los entornos 2.0<\/p>\n<p>&#8211; Restyling de tu web anterior incorporando nuevas secciones como: chats, widgets y pluggins sociales<\/p>\n<p>&#8211; Incorporaci\u00f3n de ecommerce a tu negocio<\/p>\n<p>&#8211; Gesti\u00f3n de Comunidades Online y Redes Sociales<\/p>\n<p>&#8211; Posicionamiento SEO Y SEM en Buscadores<\/p>\n<p>&#8211; Networking, gesti\u00f3n de contactos y organizaci\u00f3n de famtrips y blogtrips<\/p>\n<p>Si est\u00e1s interesado, echa un vistazo a nuestros servicios <a title=\"servicios de consultor\u00eda online: lolitakreativa\" href=\"http:\/\/lolitakreativa.es\/blog\/\" target=\"_blank\">aqu\u00ed<\/a>.<\/p>\n","protected":false},"excerpt":{"rendered":"<p>Este proyecto nace de las ganas de extender nuestra experiencia en Castilla y Le\u00f3n al resto de regiones en Espa\u00f1a, y si es posibible, tambi\u00e9n al mundo. Blog Destino Castilla y Le\u00f3n Destino Castilla y Le\u00f3n naci\u00f3 como blog de viajes especializado en Castilla y Le\u00f3n con el objetivo de ofrecer a sus lectores &#8211; de una forma directa, original y personal &#8211; toda la actualidad sobre turismo, gastronom\u00eda y vino de Castilla y Le\u00f3n. Se trata de una gu\u00eda de turismo y ocio diferente, que apuesta por las experiencias vividas en primera persona (fen\u00f3meno blogger), los entornos digitales y las redes sociales. &nbsp; Quienes somos en Destino Castilla y&#8230;<\/p>\n","protected":false},"author":2,"featured_media":0,"parent":0,"menu_order":0,"comment_status":"closed","ping_status":"closed","template":"","meta":{"rop_custom_images_group":[],"rop_custom_messages_group":[],"rop_publish_now":"initial","rop_publish_now_accounts":{"twitter_3437733573_3437733573":""},"rop_publish_now_history":[],"rop_publish_now_status":"pending","footnotes":""},"class_list":["post-56","page","type-page","status-publish","hentry"],"yoast_head":"<!-- This site is optimized with the Yoast SEO plugin v26.5 - https:\/\/yoast.com\/wordpress\/plugins\/seo\/ -->\n<title>Quienes somos - Destino y Sabor<\/title>\n<meta name=\"robots\" content=\"index, follow, max-snippet:-1, max-image-preview:large, max-video-preview:-1\" \/>\n<link rel=\"canonical\" href=\"https:\/\/destinoysabor.com\/blog\/quienes-somos\/\" \/>\n<meta property=\"og:locale\" content=\"es_ES\" \/>\n<meta property=\"og:type\" content=\"article\" \/>\n<meta property=\"og:title\" content=\"Quienes somos - Destino y Sabor\" \/>\n<meta property=\"og:description\" content=\"Este proyecto nace de las ganas de extender nuestra experiencia en Castilla y Le\u00f3n al resto de regiones en Espa\u00f1a, y si es posibible, tambi\u00e9n al mundo. Blog Destino Castilla y Le\u00f3n Destino Castilla y Le\u00f3n naci\u00f3 como blog de viajes especializado en Castilla y Le\u00f3n con el objetivo de ofrecer a sus lectores &#8211; de una forma directa, original y personal &#8211; toda la actualidad sobre turismo, gastronom\u00eda y vino de Castilla y Le\u00f3n. Se trata de una gu\u00eda de turismo y ocio diferente, que apuesta por las experiencias vividas en primera persona (fen\u00f3meno blogger), los entornos digitales y las redes sociales. &nbsp; Quienes somos en Destino Castilla y...\" \/>\n<meta property=\"og:url\" content=\"https:\/\/destinoysabor.com\/blog\/quienes-somos\/\" \/>\n<meta property=\"og:site_name\" content=\"Destino y Sabor\" \/>\n<meta property=\"article:publisher\" content=\"https:\/\/www.facebook.com\/destinoysabor\/\" \/>\n<meta property=\"article:modified_time\" content=\"2015-09-16T17:49:57+00:00\" \/>\n<meta name=\"twitter:card\" content=\"summary_large_image\" \/>\n<meta name=\"twitter:site\" content=\"@Destino_Sabor\" \/>\n<meta name=\"twitter:label1\" content=\"Tiempo de lectura\" \/>\n\t<meta name=\"twitter:data1\" content=\"4 minutos\" \/>\n<script type=\"application\/ld+json\" class=\"yoast-schema-graph\">{\"@context\":\"https:\/\/schema.org\",\"@graph\":[{\"@type\":\"WebPage\",\"@id\":\"https:\/\/destinoysabor.com\/blog\/quienes-somos\/\",\"url\":\"https:\/\/destinoysabor.com\/blog\/quienes-somos\/\",\"name\":\"Quienes somos - Destino y Sabor\",\"isPartOf\":{\"@id\":\"https:\/\/destinoysabor.com\/blog\/#website\"},\"primaryImageOfPage\":{\"@id\":\"https:\/\/destinoysabor.com\/blog\/quienes-somos\/#primaryimage\"},\"image\":{\"@id\":\"https:\/\/destinoysabor.com\/blog\/quienes-somos\/#primaryimage\"},\"thumbnailUrl\":\"http:\/\/destinocastillayleon.es\/index\/wp-content\/uploads\/2014\/08\/David.png\",\"datePublished\":\"2015-09-16T17:48:19+00:00\",\"dateModified\":\"2015-09-16T17:49:57+00:00\",\"breadcrumb\":{\"@id\":\"https:\/\/destinoysabor.com\/blog\/quienes-somos\/#breadcrumb\"},\"inLanguage\":\"es\",\"potentialAction\":[{\"@type\":\"ReadAction\",\"target\":[\"https:\/\/destinoysabor.com\/blog\/quienes-somos\/\"]}]},{\"@type\":\"ImageObject\",\"inLanguage\":\"es\",\"@id\":\"https:\/\/destinoysabor.com\/blog\/quienes-somos\/#primaryimage\",\"url\":\"http:\/\/destinocastillayleon.es\/index\/wp-content\/uploads\/2014\/08\/David.png\",\"contentUrl\":\"http:\/\/destinocastillayleon.es\/index\/wp-content\/uploads\/2014\/08\/David.png\"},{\"@type\":\"BreadcrumbList\",\"@id\":\"https:\/\/destinoysabor.com\/blog\/quienes-somos\/#breadcrumb\",\"itemListElement\":[{\"@type\":\"ListItem\",\"position\":1,\"name\":\"Portada\",\"item\":\"https:\/\/destinoysabor.com\/blog\/\"},{\"@type\":\"ListItem\",\"position\":2,\"name\":\"Quienes somos\"}]},{\"@type\":\"WebSite\",\"@id\":\"https:\/\/destinoysabor.com\/blog\/#website\",\"url\":\"https:\/\/destinoysabor.com\/blog\/\",\"name\":\"Destino y Sabor\",\"description\":\"los mejores planes para foodies y winelovers\",\"potentialAction\":[{\"@type\":\"SearchAction\",\"target\":{\"@type\":\"EntryPoint\",\"urlTemplate\":\"https:\/\/destinoysabor.com\/blog\/?s={search_term_string}\"},\"query-input\":{\"@type\":\"PropertyValueSpecification\",\"valueRequired\":true,\"valueName\":\"search_term_string\"}}],\"inLanguage\":\"es\"}]}<\/script>\n<!-- \/ Yoast SEO plugin. -->","yoast_head_json":{"title":"Quienes somos - Destino y Sabor","robots":{"index":"index","follow":"follow","max-snippet":"max-snippet:-1","max-image-preview":"max-image-preview:large","max-video-preview":"max-video-preview:-1"},"canonical":"https:\/\/destinoysabor.com\/blog\/quienes-somos\/","og_locale":"es_ES","og_type":"article","og_title":"Quienes somos - Destino y Sabor","og_description":"Este proyecto nace de las ganas de extender nuestra experiencia en Castilla y Le\u00f3n al resto de regiones en Espa\u00f1a, y si es posibible, tambi\u00e9n al mundo. Blog Destino Castilla y Le\u00f3n Destino Castilla y Le\u00f3n naci\u00f3 como blog de viajes especializado en Castilla y Le\u00f3n con el objetivo de ofrecer a sus lectores &#8211; de una forma directa, original y personal &#8211; toda la actualidad sobre turismo, gastronom\u00eda y vino de Castilla y Le\u00f3n. Se trata de una gu\u00eda de turismo y ocio diferente, que apuesta por las experiencias vividas en primera persona (fen\u00f3meno blogger), los entornos digitales y las redes sociales. &nbsp; Quienes somos en Destino Castilla y...","og_url":"https:\/\/destinoysabor.com\/blog\/quienes-somos\/","og_site_name":"Destino y Sabor","article_publisher":"https:\/\/www.facebook.com\/destinoysabor\/","article_modified_time":"2015-09-16T17:49:57+00:00","twitter_card":"summary_large_image","twitter_site":"@Destino_Sabor","twitter_misc":{"Tiempo de lectura":"4 minutos"},"schema":{"@context":"https:\/\/schema.org","@graph":[{"@type":"WebPage","@id":"https:\/\/destinoysabor.com\/blog\/quienes-somos\/","url":"https:\/\/destinoysabor.com\/blog\/quienes-somos\/","name":"Quienes somos - Destino y Sabor","isPartOf":{"@id":"https:\/\/destinoysabor.com\/blog\/#website"},"primaryImageOfPage":{"@id":"https:\/\/destinoysabor.com\/blog\/quienes-somos\/#primaryimage"},"image":{"@id":"https:\/\/destinoysabor.com\/blog\/quienes-somos\/#primaryimage"},"thumbnailUrl":"http:\/\/destinocastillayleon.es\/index\/wp-content\/uploads\/2014\/08\/David.png","datePublished":"2015-09-16T17:48:19+00:00","dateModified":"2015-09-16T17:49:57+00:00","breadcrumb":{"@id":"https:\/\/destinoysabor.com\/blog\/quienes-somos\/#breadcrumb"},"inLanguage":"es","potentialAction":[{"@type":"ReadAction","target":["https:\/\/destinoysabor.com\/blog\/quienes-somos\/"]}]},{"@type":"ImageObject","inLanguage":"es","@id":"https:\/\/destinoysabor.com\/blog\/quienes-somos\/#primaryimage","url":"http:\/\/destinocastillayleon.es\/index\/wp-content\/uploads\/2014\/08\/David.png","contentUrl":"http:\/\/destinocastillayleon.es\/index\/wp-content\/uploads\/2014\/08\/David.png"},{"@type":"BreadcrumbList","@id":"https:\/\/destinoysabor.com\/blog\/quienes-somos\/#breadcrumb","itemListElement":[{"@type":"ListItem","position":1,"name":"Portada","item":"https:\/\/destinoysabor.com\/blog\/"},{"@type":"ListItem","position":2,"name":"Quienes somos"}]},{"@type":"WebSite","@id":"https:\/\/destinoysabor.com\/blog\/#website","url":"https:\/\/destinoysabor.com\/blog\/","name":"Destino y Sabor","description":"los mejores planes para foodies y winelovers","potentialAction":[{"@type":"SearchAction","target":{"@type":"EntryPoint","urlTemplate":"https:\/\/destinoysabor.com\/blog\/?s={search_term_string}"},"query-input":{"@type":"PropertyValueSpecification","valueRequired":true,"valueName":"search_term_string"}}],"inLanguage":"es"}]}},"_links":{"self":[{"href":"https:\/\/destinoysabor.com\/blog\/wp-json\/wp\/v2\/pages\/56","targetHints":{"allow":["GET"]}}],"collection":[{"href":"https:\/\/destinoysabor.com\/blog\/wp-json\/wp\/v2\/pages"}],"about":[{"href":"https:\/\/destinoysabor.com\/blog\/wp-json\/wp\/v2\/types\/page"}],"author":[{"embeddable":true,"href":"https:\/\/destinoysabor.com\/blog\/wp-json\/wp\/v2\/users\/2"}],"replies":[{"embeddable":true,"href":"https:\/\/destinoysabor.com\/blog\/wp-json\/wp\/v2\/comments?post=56"}],"version-history":[{"count":2,"href":"https:\/\/destinoysabor.com\/blog\/wp-json\/wp\/v2\/pages\/56\/revisions"}],"predecessor-version":[{"id":59,"href":"https:\/\/destinoysabor.com\/blog\/wp-json\/wp\/v2\/pages\/56\/revisions\/59"}],"wp:attachment":[{"href":"https:\/\/destinoysabor.com\/blog\/wp-json\/wp\/v2\/media?parent=56"}],"curies":[{"name":"wp","href":"https:\/\/api.w.org\/{rel}","templated":true}]}}