{"id":6,"date":"2015-08-17T17:08:23","date_gmt":"2015-08-17T17:08:23","guid":{"rendered":"http:\/\/destinoysabor.com\/?page_id=6"},"modified":"2026-04-28T15:22:27","modified_gmt":"2026-04-28T15:22:27","slug":"home","status":"publish","type":"page","link":"https:\/\/destinoysabor.com\/blog\/","title":{"rendered":"Destino y Sabor"},"content":{"rendered":"<p>P\u00e1gina de inicio a crear<\/p>\n","protected":false},"excerpt":{"rendered":"<p>P\u00e1gina de inicio a crear<\/p>\n","protected":false},"author":1,"featured_media":0,"parent":0,"menu_order":0,"comment_status":"open","ping_status":"closed","template":"page-composer.php","meta":{"rop_custom_images_group":[],"rop_custom_messages_group":[],"rop_publish_now":"initial","rop_publish_now_accounts":{"twitter_3437733573_3437733573":""},"rop_publish_now_history":[],"rop_publish_now_status":"pending","footnotes":""},"class_list":["post-6","page","type-page","status-publish","hentry"],"yoast_head":"<!-- This site is optimized with the Yoast SEO plugin v26.5 - https:\/\/yoast.com\/wordpress\/plugins\/seo\/ -->\n<title>Destino y Sabor: Planes Gastron\u00f3micos y de Enoturismo<\/title>\n<meta name=\"description\" content=\"Destino y Sabor es el blog l\u00edder en turismo gastron\u00f3mico que ofrece los mejores planes gastron\u00f3micos y de enoturismo nacional e internacional\" \/>\n<meta name=\"robots\" content=\"index, follow, max-snippet:-1, max-image-preview:large, max-video-preview:-1\" \/>\n<link rel=\"canonical\" href=\"https:\/\/destinoysabor.com\/blog\/\" \/>\n<meta property=\"og:locale\" content=\"es_ES\" \/>\n<meta property=\"og:type\" content=\"article\" \/>\n<meta property=\"og:title\" content=\"Destino y Sabor: Planes Gastron\u00f3micos y de Enoturismo\" \/>\n<meta property=\"og:description\" content=\"Destino y Sabor es el blog l\u00edder en turismo gastron\u00f3mico que ofrece los mejores planes gastron\u00f3micos y de enoturismo nacional e internacional\" \/>\n<meta property=\"og:url\" content=\"https:\/\/destinoysabor.com\/blog\/\" \/>\n<meta property=\"og:site_name\" content=\"Destino y Sabor\" \/>\n<meta property=\"article:publisher\" content=\"https:\/\/www.facebook.com\/destinoysabor\/\" \/>\n<meta property=\"article:modified_time\" content=\"2026-04-28T15:22:27+00:00\" \/>\n<meta name=\"twitter:card\" content=\"summary_large_image\" \/>\n<meta name=\"twitter:site\" content=\"@Destino_Sabor\" \/>\n<meta name=\"twitter:label1\" content=\"Tiempo de lectura\" \/>\n\t<meta name=\"twitter:data1\" content=\"1 minuto\" \/>\n<script type=\"application\/ld+json\" class=\"yoast-schema-graph\">{\"@context\":\"https:\/\/schema.org\",\"@graph\":[{\"@type\":\"WebPage\",\"@id\":\"https:\/\/destinoysabor.com\/blog\/\",\"url\":\"https:\/\/destinoysabor.com\/blog\/\",\"name\":\"Destino y Sabor: Planes Gastron\u00f3micos y de Enoturismo\",\"isPartOf\":{\"@id\":\"https:\/\/destinoysabor.com\/blog\/#website\"},\"datePublished\":\"2015-08-17T17:08:23+00:00\",\"dateModified\":\"2026-04-28T15:22:27+00:00\",\"description\":\"Destino y Sabor es el blog l\u00edder en turismo gastron\u00f3mico que ofrece los mejores planes gastron\u00f3micos y de enoturismo nacional e internacional\",\"breadcrumb\":{\"@id\":\"https:\/\/destinoysabor.com\/blog\/#breadcrumb\"},\"inLanguage\":\"es\",\"potentialAction\":[{\"@type\":\"ReadAction\",\"target\":[\"https:\/\/destinoysabor.com\/blog\/\"]}]},{\"@type\":\"BreadcrumbList\",\"@id\":\"https:\/\/destinoysabor.com\/blog\/#breadcrumb\",\"itemListElement\":[{\"@type\":\"ListItem\",\"position\":1,\"name\":\"Portada\",\"item\":\"https:\/\/destinoysabor.com\/blog\/\"},{\"@type\":\"ListItem\",\"position\":2,\"name\":\"Destino y Sabor\"}]},{\"@type\":\"WebSite\",\"@id\":\"https:\/\/destinoysabor.com\/blog\/#website\",\"url\":\"https:\/\/destinoysabor.com\/blog\/\",\"name\":\"Destino y Sabor\",\"description\":\"los mejores planes para foodies y winelovers\",\"potentialAction\":[{\"@type\":\"SearchAction\",\"target\":{\"@type\":\"EntryPoint\",\"urlTemplate\":\"https:\/\/destinoysabor.com\/blog\/?s={search_term_string}\"},\"query-input\":{\"@type\":\"PropertyValueSpecification\",\"valueRequired\":true,\"valueName\":\"search_term_string\"}}],\"inLanguage\":\"es\"}]}<\/script>\n<!-- \/ Yoast SEO plugin. -->","yoast_head_json":{"title":"Destino y Sabor: Planes Gastron\u00f3micos y de Enoturismo","description":"Destino y Sabor es el blog l\u00edder en turismo gastron\u00f3mico que ofrece los mejores planes gastron\u00f3micos y de enoturismo nacional e internacional","robots":{"index":"index","follow":"follow","max-snippet":"max-snippet:-1","max-image-preview":"max-image-preview:large","max-video-preview":"max-video-preview:-1"},"canonical":"https:\/\/destinoysabor.com\/blog\/","og_locale":"es_ES","og_type":"article","og_title":"Destino y Sabor: Planes Gastron\u00f3micos y de Enoturismo","og_description":"Destino y Sabor es el blog l\u00edder en turismo gastron\u00f3mico que ofrece los mejores planes gastron\u00f3micos y de enoturismo nacional e internacional","og_url":"https:\/\/destinoysabor.com\/blog\/","og_site_name":"Destino y Sabor","article_publisher":"https:\/\/www.facebook.com\/destinoysabor\/","article_modified_time":"2026-04-28T15:22:27+00:00","twitter_card":"summary_large_image","twitter_site":"@Destino_Sabor","twitter_misc":{"Tiempo de lectura":"1 minuto"},"schema":{"@context":"https:\/\/schema.org","@graph":[{"@type":"WebPage","@id":"https:\/\/destinoysabor.com\/blog\/","url":"https:\/\/destinoysabor.com\/blog\/","name":"Destino y Sabor: Planes Gastron\u00f3micos y de Enoturismo","isPartOf":{"@id":"https:\/\/destinoysabor.com\/blog\/#website"},"datePublished":"2015-08-17T17:08:23+00:00","dateModified":"2026-04-28T15:22:27+00:00","description":"Destino y Sabor es el blog l\u00edder en turismo gastron\u00f3mico que ofrece los mejores planes gastron\u00f3micos y de enoturismo nacional e internacional","breadcrumb":{"@id":"https:\/\/destinoysabor.com\/blog\/#breadcrumb"},"inLanguage":"es","potentialAction":[{"@type":"ReadAction","target":["https:\/\/destinoysabor.com\/blog\/"]}]},{"@type":"BreadcrumbList","@id":"https:\/\/destinoysabor.com\/blog\/#breadcrumb","itemListElement":[{"@type":"ListItem","position":1,"name":"Portada","item":"https:\/\/destinoysabor.com\/blog\/"},{"@type":"ListItem","position":2,"name":"Destino y Sabor"}]},{"@type":"WebSite","@id":"https:\/\/destinoysabor.com\/blog\/#website","url":"https:\/\/destinoysabor.com\/blog\/","name":"Destino y Sabor","description":"los mejores planes para foodies y winelovers","potentialAction":[{"@type":"SearchAction","target":{"@type":"EntryPoint","urlTemplate":"https:\/\/destinoysabor.com\/blog\/?s={search_term_string}"},"query-input":{"@type":"PropertyValueSpecification","valueRequired":true,"valueName":"search_term_string"}}],"inLanguage":"es"}]}},"_links":{"self":[{"href":"https:\/\/destinoysabor.com\/blog\/wp-json\/wp\/v2\/pages\/6","targetHints":{"allow":["GET"]}}],"collection":[{"href":"https:\/\/destinoysabor.com\/blog\/wp-json\/wp\/v2\/pages"}],"about":[{"href":"https:\/\/destinoysabor.com\/blog\/wp-json\/wp\/v2\/types\/page"}],"author":[{"embeddable":true,"href":"https:\/\/destinoysabor.com\/blog\/wp-json\/wp\/v2\/users\/1"}],"replies":[{"embeddable":true,"href":"https:\/\/destinoysabor.com\/blog\/wp-json\/wp\/v2\/comments?post=6"}],"version-history":[{"count":77,"href":"https:\/\/destinoysabor.com\/blog\/wp-json\/wp\/v2\/pages\/6\/revisions"}],"predecessor-version":[{"id":4177,"href":"https:\/\/destinoysabor.com\/blog\/wp-json\/wp\/v2\/pages\/6\/revisions\/4177"}],"wp:attachment":[{"href":"https:\/\/destinoysabor.com\/blog\/wp-json\/wp\/v2\/media?parent=6"}],"curies":[{"name":"wp","href":"https:\/\/api.w.org\/{rel}","templated":true}]}}