{"id":71,"date":"2016-02-08T16:02:51","date_gmt":"2016-02-08T16:02:51","guid":{"rendered":"http:\/\/destinoysabor.com\/?page_id=71"},"modified":"2020-12-23T10:32:28","modified_gmt":"2020-12-23T10:32:28","slug":"espana","status":"publish","type":"page","link":"https:\/\/destinoysabor.com\/blog\/espana\/","title":{"rendered":"Espa\u00f1a"},"content":{"rendered":"<p>Queremos que conocozcas los mejores planes de Espa\u00f1a que hemos encontrado para ti.<\/p>\n","protected":false},"excerpt":{"rendered":"<p>Queremos que conocozcas los mejores planes de Espa\u00f1a que hemos encontrado para ti.<\/p>\n","protected":false},"author":2,"featured_media":0,"parent":0,"menu_order":0,"comment_status":"closed","ping_status":"closed","template":"page-composer.php","meta":{"rop_custom_images_group":[],"rop_custom_messages_group":[],"rop_publish_now":"initial","rop_publish_now_accounts":{"twitter_3437733573_3437733573":""},"rop_publish_now_history":[],"rop_publish_now_status":"pending","footnotes":""},"class_list":["post-71","page","type-page","status-publish","hentry"],"yoast_head":"<!-- This site is optimized with the Yoast SEO plugin v26.5 - https:\/\/yoast.com\/wordpress\/plugins\/seo\/ -->\n<title>Conoce los mejores destinos sobre Espa\u00f1a - Destino y Sabor<\/title>\n<meta name=\"description\" content=\"Conoce los mejores destinos relacionados con el turismo la gastronom\u00eda y el vino de Espa\u00f1a, descritos para t\u00ed por Destino&amp;Sabor\" \/>\n<meta name=\"robots\" content=\"index, follow, max-snippet:-1, max-image-preview:large, max-video-preview:-1\" \/>\n<link rel=\"canonical\" href=\"https:\/\/destinoysabor.com\/blog\/espana\/\" \/>\n<meta property=\"og:locale\" content=\"es_ES\" \/>\n<meta property=\"og:type\" content=\"article\" \/>\n<meta property=\"og:title\" content=\"Conoce los mejores destinos sobre Espa\u00f1a - Destino y Sabor\" \/>\n<meta property=\"og:description\" content=\"Conoce los mejores destinos relacionados con el turismo la gastronom\u00eda y el vino de Espa\u00f1a, descritos para t\u00ed por Destino&amp;Sabor\" \/>\n<meta property=\"og:url\" content=\"https:\/\/destinoysabor.com\/blog\/espana\/\" \/>\n<meta property=\"og:site_name\" content=\"Destino y Sabor\" \/>\n<meta property=\"article:publisher\" content=\"https:\/\/www.facebook.com\/destinoysabor\/\" \/>\n<meta property=\"article:modified_time\" content=\"2020-12-23T10:32:28+00:00\" \/>\n<meta name=\"twitter:card\" content=\"summary_large_image\" \/>\n<meta name=\"twitter:site\" content=\"@Destino_Sabor\" \/>\n<script type=\"application\/ld+json\" class=\"yoast-schema-graph\">{\"@context\":\"https:\/\/schema.org\",\"@graph\":[{\"@type\":\"WebPage\",\"@id\":\"https:\/\/destinoysabor.com\/blog\/espana\/\",\"url\":\"https:\/\/destinoysabor.com\/blog\/espana\/\",\"name\":\"Conoce los mejores destinos sobre Espa\u00f1a - Destino y Sabor\",\"isPartOf\":{\"@id\":\"https:\/\/destinoysabor.com\/blog\/#website\"},\"datePublished\":\"2016-02-08T16:02:51+00:00\",\"dateModified\":\"2020-12-23T10:32:28+00:00\",\"description\":\"Conoce los mejores destinos relacionados con el turismo la gastronom\u00eda y el vino de Espa\u00f1a, descritos para t\u00ed por Destino&Sabor\",\"breadcrumb\":{\"@id\":\"https:\/\/destinoysabor.com\/blog\/espana\/#breadcrumb\"},\"inLanguage\":\"es\",\"potentialAction\":[{\"@type\":\"ReadAction\",\"target\":[\"https:\/\/destinoysabor.com\/blog\/espana\/\"]}]},{\"@type\":\"BreadcrumbList\",\"@id\":\"https:\/\/destinoysabor.com\/blog\/espana\/#breadcrumb\",\"itemListElement\":[{\"@type\":\"ListItem\",\"position\":1,\"name\":\"Portada\",\"item\":\"https:\/\/destinoysabor.com\/blog\/\"},{\"@type\":\"ListItem\",\"position\":2,\"name\":\"Espa\u00f1a\"}]},{\"@type\":\"WebSite\",\"@id\":\"https:\/\/destinoysabor.com\/blog\/#website\",\"url\":\"https:\/\/destinoysabor.com\/blog\/\",\"name\":\"Destino y Sabor\",\"description\":\"los mejores planes para foodies y winelovers\",\"potentialAction\":[{\"@type\":\"SearchAction\",\"target\":{\"@type\":\"EntryPoint\",\"urlTemplate\":\"https:\/\/destinoysabor.com\/blog\/?s={search_term_string}\"},\"query-input\":{\"@type\":\"PropertyValueSpecification\",\"valueRequired\":true,\"valueName\":\"search_term_string\"}}],\"inLanguage\":\"es\"}]}<\/script>\n<!-- \/ Yoast SEO plugin. -->","yoast_head_json":{"title":"Conoce los mejores destinos sobre Espa\u00f1a - Destino y Sabor","description":"Conoce los mejores destinos relacionados con el turismo la gastronom\u00eda y el vino de Espa\u00f1a, descritos para t\u00ed por Destino&Sabor","robots":{"index":"index","follow":"follow","max-snippet":"max-snippet:-1","max-image-preview":"max-image-preview:large","max-video-preview":"max-video-preview:-1"},"canonical":"https:\/\/destinoysabor.com\/blog\/espana\/","og_locale":"es_ES","og_type":"article","og_title":"Conoce los mejores destinos sobre Espa\u00f1a - Destino y Sabor","og_description":"Conoce los mejores destinos relacionados con el turismo la gastronom\u00eda y el vino de Espa\u00f1a, descritos para t\u00ed por Destino&Sabor","og_url":"https:\/\/destinoysabor.com\/blog\/espana\/","og_site_name":"Destino y Sabor","article_publisher":"https:\/\/www.facebook.com\/destinoysabor\/","article_modified_time":"2020-12-23T10:32:28+00:00","twitter_card":"summary_large_image","twitter_site":"@Destino_Sabor","schema":{"@context":"https:\/\/schema.org","@graph":[{"@type":"WebPage","@id":"https:\/\/destinoysabor.com\/blog\/espana\/","url":"https:\/\/destinoysabor.com\/blog\/espana\/","name":"Conoce los mejores destinos sobre Espa\u00f1a - Destino y Sabor","isPartOf":{"@id":"https:\/\/destinoysabor.com\/blog\/#website"},"datePublished":"2016-02-08T16:02:51+00:00","dateModified":"2020-12-23T10:32:28+00:00","description":"Conoce los mejores destinos relacionados con el turismo la gastronom\u00eda y el vino de Espa\u00f1a, descritos para t\u00ed por Destino&Sabor","breadcrumb":{"@id":"https:\/\/destinoysabor.com\/blog\/espana\/#breadcrumb"},"inLanguage":"es","potentialAction":[{"@type":"ReadAction","target":["https:\/\/destinoysabor.com\/blog\/espana\/"]}]},{"@type":"BreadcrumbList","@id":"https:\/\/destinoysabor.com\/blog\/espana\/#breadcrumb","itemListElement":[{"@type":"ListItem","position":1,"name":"Portada","item":"https:\/\/destinoysabor.com\/blog\/"},{"@type":"ListItem","position":2,"name":"Espa\u00f1a"}]},{"@type":"WebSite","@id":"https:\/\/destinoysabor.com\/blog\/#website","url":"https:\/\/destinoysabor.com\/blog\/","name":"Destino y Sabor","description":"los mejores planes para foodies y winelovers","potentialAction":[{"@type":"SearchAction","target":{"@type":"EntryPoint","urlTemplate":"https:\/\/destinoysabor.com\/blog\/?s={search_term_string}"},"query-input":{"@type":"PropertyValueSpecification","valueRequired":true,"valueName":"search_term_string"}}],"inLanguage":"es"}]}},"_links":{"self":[{"href":"https:\/\/destinoysabor.com\/blog\/wp-json\/wp\/v2\/pages\/71","targetHints":{"allow":["GET"]}}],"collection":[{"href":"https:\/\/destinoysabor.com\/blog\/wp-json\/wp\/v2\/pages"}],"about":[{"href":"https:\/\/destinoysabor.com\/blog\/wp-json\/wp\/v2\/types\/page"}],"author":[{"embeddable":true,"href":"https:\/\/destinoysabor.com\/blog\/wp-json\/wp\/v2\/users\/2"}],"replies":[{"embeddable":true,"href":"https:\/\/destinoysabor.com\/blog\/wp-json\/wp\/v2\/comments?post=71"}],"version-history":[{"count":29,"href":"https:\/\/destinoysabor.com\/blog\/wp-json\/wp\/v2\/pages\/71\/revisions"}],"predecessor-version":[{"id":5423,"href":"https:\/\/destinoysabor.com\/blog\/wp-json\/wp\/v2\/pages\/71\/revisions\/5423"}],"wp:attachment":[{"href":"https:\/\/destinoysabor.com\/blog\/wp-json\/wp\/v2\/media?parent=71"}],"curies":[{"name":"wp","href":"https:\/\/api.w.org\/{rel}","templated":true}]}}